{"id":1752,"date":"2022-11-15T13:04:18","date_gmt":"2022-11-15T13:04:18","guid":{"rendered":"https:\/\/lobeapartment.at\/szabad-ferohelyeket-keresese\/"},"modified":"2022-11-15T13:04:18","modified_gmt":"2022-11-15T13:04:18","slug":"szabad-ferohelyeket-keresese","status":"publish","type":"page","link":"https:\/\/lobeapartment.at\/cz\/szabad-ferohelyeket-keresese\/","title":{"rendered":"Szabad f\u00e9r\u0151helyeket keres\u00e9se"},"content":{"rendered":"<div class=\"mphb_sc_search-wrapper\"><form method=\"GET\" class=\"mphb_sc_search-form\" action=\"https:\/\/lobeapartment.at\/cz\/keresesi-eredmenyek\/\" data-trp-original-action=\"https:\/\/lobeapartment.at\/cz\/keresesi-eredmenyek\/\">\n\n\t<p class = \"mphb-required-fields-tip\">\n\t<small>\n\t\tPovinn\u00e1 pole jsou ozna\u010dena\t\t<abbr title=\"required\">*<\/abbr>\n\t<\/small>\n<\/p>\n\t<p class=\"mphb_sc_search-check-in-date\">\n\t\t<label for=\"mphb_check_in_date-mphb-search-form-69e034a2a0710\">\n\t\t\tP\u0159\u00edjezd\t\t\t<abbr title=\"Form\u00e1t datumu dd\/mm\/yyyy\">*<\/abbr>\n\t\t<\/label>\n\t\t<br \/>\n\t\t<input\n\t\t\tid=\"mphb_check_in_date-mphb-search-form-69e034a2a0710\"\n\t\t\tdata-datepick-group=\"mphb-search-form-69e034a2a0710\"\n\t\t\tvalue=\"\"\n\t\t\tplaceholder=\"Datum p\u0159\u00edjezdu\"\n\t\t\trequired=\"required\"\n\t\t\ttype=\"text\"\n\t\t\tinputmode=\"none\"\n\t\t\tname=\"mphb_check_in_date\"\n\t\t\tclass=\"mphb-datepick\"\n\t\t\tautocomplete=\"off\"\n\t\t\t\/>\n\t<\/p>\n\n\t<p class=\"mphb_sc_search-check-out-date\">\n\t\t<label for=\"mphb_check_out_date-mphb-search-form-69e034a2a0710\">\n\t\t\tOdjezd\t\t\t<abbr title=\"Form\u00e1t datumu dd\/mm\/yyyy\">*<\/abbr>\n\t\t<\/label>\n\t\t<br \/>\n\t\t<input\n\t\t\tid=\"mphb_check_out_date-mphb-search-form-69e034a2a0710\"\n\t\t\tdata-datepick-group=\"mphb-search-form-69e034a2a0710\"\n\t\t\tvalue=\"\"\n\t\t\tplaceholder=\"Datum odjezdu\"\n\t\t\trequired=\"required\"\n\t\t\ttype=\"text\"\n\t\t\tinputmode=\"none\"\n\t\t\tname=\"mphb_check_out_date\"\n\t\t\tclass=\"mphb-datepick\"\n\t\t\tautocomplete=\"off\"\n\t\t\t\/>\n\t<\/p>\n\n\t\t\t<p class=\"mphb_sc_search-adults\">\n\t\t\t<label for=\"mphb_adults-mphb-search-form-69e034a2a0710\">\n\t\t\t\tDosp\u011bl\u00ed\t\t\t<\/label>\n\t\t\t<br \/>\n\t\t\t<select id=\"mphb_adults-mphb-search-form-69e034a2a0710\" name=\"mphb_adults\" >\n\t\t\t\t\t\t\t\t\t<option value=\"1\"  selected='selected'>1<\/option>\n\t\t\t\t\t\t\t\t\t<option value=\"2\" >2<\/option>\n\t\t\t\t\t\t\t\t\t<option value=\"3\" >3<\/option>\n\t\t\t\t\t\t\t\t\t<option value=\"4\" >4<\/option>\n\t\t\t\t\t\t\t<\/select>\n\t\t<\/p>\n\t\n\t\t\t<p class=\"mphb_sc_search-children\">\n\t\t\t<label for=\"mphb_children-mphb-search-form-69e034a2a0710\">\n\t\t\t\tD\u011bti\t\t\t<\/label>\n\t\t\t<br \/>\n\t\t\t<select id=\"mphb_children-mphb-search-form-69e034a2a0710\" name=\"mphb_children\">\n\t\t\t\t\t\t\t\t\t<option value=\"0\"  selected='selected'>0<\/option>\n\t\t\t\t\t\t\t\t\t<option value=\"1\" >1<\/option>\n\t\t\t\t\t\t\t\t\t<option value=\"2\" >2<\/option>\n\t\t\t\t\t\t\t<\/select>\n\t\t<\/p>\n\t\n\t\n\t\n\t<input id=\"mphb_check_in_date-mphb-search-form-69e034a2a0710-hidden\" value=\"\" type=\"hidden\" name=\"mphb_check_in_date\" \/><input id=\"mphb_check_out_date-mphb-search-form-69e034a2a0710-hidden\" value=\"\" type=\"hidden\" name=\"mphb_check_out_date\" \/>\n\t<p class=\"mphb_sc_search-submit-button-wrapper\">\n\t\t<input type=\"submit\" class=\"button\" value=\"Hledat\"\/>\n\t<\/p>\n\n\t\n<input type=\"hidden\" name=\"trp-form-language\" value=\"cz\"\/><\/form>\n<\/div>","protected":false},"excerpt":{"rendered":"","protected":false},"author":1,"featured_media":0,"parent":0,"menu_order":0,"comment_status":"closed","ping_status":"closed","template":"","meta":{"footnotes":""},"class_list":["post-1752","page","type-page","status-publish","hentry"],"yoast_head":"<!-- This site is optimized with the Yoast SEO Premium plugin v27.4 (Yoast SEO v27.4) - https:\/\/yoast.com\/product\/yoast-seo-premium-wordpress\/ -->\n<title>Szabad f\u00e9r\u0151helyeket keres\u00e9se - LOBE APARTMENT<\/title>\n<meta name=\"robots\" content=\"index, follow, max-snippet:-1, max-image-preview:large, max-video-preview:-1\" \/>\n<link rel=\"canonical\" href=\"https:\/\/lobeapartment.at\/cz\/szabad-ferohelyeket-keresese\/\" \/>\n<meta property=\"og:locale\" content=\"cs_CZ\" \/>\n<meta property=\"og:type\" content=\"article\" \/>\n<meta property=\"og:title\" content=\"Szabad f\u00e9r\u0151helyeket keres\u00e9se\" \/>\n<meta property=\"og:url\" content=\"https:\/\/lobeapartment.at\/cz\/szabad-ferohelyeket-keresese\/\" \/>\n<meta property=\"og:site_name\" content=\"LOBE APARTMENT\" \/>\n<meta name=\"twitter:card\" content=\"summary_large_image\" \/>\n<script type=\"application\/ld+json\" class=\"yoast-schema-graph\">{\"@context\":\"https:\\\/\\\/schema.org\",\"@graph\":[{\"@type\":\"WebPage\",\"@id\":\"https:\\\/\\\/lobeapartment.at\\\/szabad-ferohelyeket-keresese\\\/\",\"url\":\"https:\\\/\\\/lobeapartment.at\\\/szabad-ferohelyeket-keresese\\\/\",\"name\":\"Szabad f\u00e9r\u0151helyeket keres\u00e9se - LOBE APARTMENT\",\"isPartOf\":{\"@id\":\"https:\\\/\\\/lobeapartment.at\\\/en\\\/#website\"},\"datePublished\":\"2022-11-15T13:04:18+00:00\",\"breadcrumb\":{\"@id\":\"https:\\\/\\\/lobeapartment.at\\\/szabad-ferohelyeket-keresese\\\/#breadcrumb\"},\"inLanguage\":\"cs\",\"potentialAction\":[{\"@type\":\"ReadAction\",\"target\":[\"https:\\\/\\\/lobeapartment.at\\\/szabad-ferohelyeket-keresese\\\/\"]}]},{\"@type\":\"BreadcrumbList\",\"@id\":\"https:\\\/\\\/lobeapartment.at\\\/szabad-ferohelyeket-keresese\\\/#breadcrumb\",\"itemListElement\":[{\"@type\":\"ListItem\",\"position\":1,\"name\":\"Kezd\u0151lap\",\"item\":\"https:\\\/\\\/lobeapartment.at\\\/\"},{\"@type\":\"ListItem\",\"position\":2,\"name\":\"Szabad f\u00e9r\u0151helyeket keres\u00e9se\"}]},{\"@type\":\"WebSite\",\"@id\":\"https:\\\/\\\/lobeapartment.at\\\/en\\\/#website\",\"url\":\"https:\\\/\\\/lobeapartment.at\\\/en\\\/\",\"name\":\"LOBE APARTMENT\",\"description\":\"LOBE Apartman - Ausztria - Bad Mitterndorf\",\"publisher\":{\"@id\":\"https:\\\/\\\/lobeapartment.at\\\/en\\\/#organization\"},\"potentialAction\":[{\"@type\":\"SearchAction\",\"target\":{\"@type\":\"EntryPoint\",\"urlTemplate\":\"https:\\\/\\\/lobeapartment.at\\\/en\\\/?s={search_term_string}\"},\"query-input\":{\"@type\":\"PropertyValueSpecification\",\"valueRequired\":true,\"valueName\":\"search_term_string\"}}],\"inLanguage\":\"cs\"},{\"@type\":\"Organization\",\"@id\":\"https:\\\/\\\/lobeapartment.at\\\/en\\\/#organization\",\"name\":\"LOBE APARTMENT\",\"url\":\"https:\\\/\\\/lobeapartment.at\\\/en\\\/\",\"logo\":{\"@type\":\"ImageObject\",\"inLanguage\":\"cs\",\"@id\":\"https:\\\/\\\/lobeapartment.at\\\/en\\\/#\\\/schema\\\/logo\\\/image\\\/\",\"url\":\"https:\\\/\\\/lobeapartment.at\\\/wp-content\\\/uploads\\\/2023\\\/01\\\/Oldalra-logo.jpg\",\"contentUrl\":\"https:\\\/\\\/lobeapartment.at\\\/wp-content\\\/uploads\\\/2023\\\/01\\\/Oldalra-logo.jpg\",\"width\":768,\"height\":768,\"caption\":\"LOBE APARTMENT\"},\"image\":{\"@id\":\"https:\\\/\\\/lobeapartment.at\\\/en\\\/#\\\/schema\\\/logo\\\/image\\\/\"}}]}<\/script>\n<!-- \/ Yoast SEO Premium plugin. -->","yoast_head_json":{"title":"Szabad f\u00e9r\u0151helyeket keres\u00e9se - LOBE APARTMENT","robots":{"index":"index","follow":"follow","max-snippet":"max-snippet:-1","max-image-preview":"max-image-preview:large","max-video-preview":"max-video-preview:-1"},"canonical":"https:\/\/lobeapartment.at\/cz\/szabad-ferohelyeket-keresese\/","og_locale":"cs_CZ","og_type":"article","og_title":"Szabad f\u00e9r\u0151helyeket keres\u00e9se","og_url":"https:\/\/lobeapartment.at\/cz\/szabad-ferohelyeket-keresese\/","og_site_name":"LOBE APARTMENT","twitter_card":"summary_large_image","schema":{"@context":"https:\/\/schema.org","@graph":[{"@type":"WebPage","@id":"https:\/\/lobeapartment.at\/szabad-ferohelyeket-keresese\/","url":"https:\/\/lobeapartment.at\/szabad-ferohelyeket-keresese\/","name":"Szabad f\u00e9r\u0151helyeket keres\u00e9se - LOBE APARTMENT","isPartOf":{"@id":"https:\/\/lobeapartment.at\/en\/#website"},"datePublished":"2022-11-15T13:04:18+00:00","breadcrumb":{"@id":"https:\/\/lobeapartment.at\/szabad-ferohelyeket-keresese\/#breadcrumb"},"inLanguage":"cs","potentialAction":[{"@type":"ReadAction","target":["https:\/\/lobeapartment.at\/szabad-ferohelyeket-keresese\/"]}]},{"@type":"BreadcrumbList","@id":"https:\/\/lobeapartment.at\/szabad-ferohelyeket-keresese\/#breadcrumb","itemListElement":[{"@type":"ListItem","position":1,"name":"Kezd\u0151lap","item":"https:\/\/lobeapartment.at\/"},{"@type":"ListItem","position":2,"name":"Szabad f\u00e9r\u0151helyeket keres\u00e9se"}]},{"@type":"WebSite","@id":"https:\/\/lobeapartment.at\/en\/#website","url":"https:\/\/lobeapartment.at\/en\/","name":"LOBE APARTMENT","description":"LOBE Apartman - Ausztria - Bad Mitterndorf","publisher":{"@id":"https:\/\/lobeapartment.at\/en\/#organization"},"potentialAction":[{"@type":"SearchAction","target":{"@type":"EntryPoint","urlTemplate":"https:\/\/lobeapartment.at\/en\/?s={search_term_string}"},"query-input":{"@type":"PropertyValueSpecification","valueRequired":true,"valueName":"search_term_string"}}],"inLanguage":"cs"},{"@type":"Organization","@id":"https:\/\/lobeapartment.at\/en\/#organization","name":"LOBE APARTMENT","url":"https:\/\/lobeapartment.at\/en\/","logo":{"@type":"ImageObject","inLanguage":"cs","@id":"https:\/\/lobeapartment.at\/en\/#\/schema\/logo\/image\/","url":"https:\/\/lobeapartment.at\/wp-content\/uploads\/2023\/01\/Oldalra-logo.jpg","contentUrl":"https:\/\/lobeapartment.at\/wp-content\/uploads\/2023\/01\/Oldalra-logo.jpg","width":768,"height":768,"caption":"LOBE APARTMENT"},"image":{"@id":"https:\/\/lobeapartment.at\/en\/#\/schema\/logo\/image\/"}}]}},"_links":{"self":[{"href":"https:\/\/lobeapartment.at\/cz\/wp-json\/wp\/v2\/pages\/1752","targetHints":{"allow":["GET"]}}],"collection":[{"href":"https:\/\/lobeapartment.at\/cz\/wp-json\/wp\/v2\/pages"}],"about":[{"href":"https:\/\/lobeapartment.at\/cz\/wp-json\/wp\/v2\/types\/page"}],"author":[{"embeddable":true,"href":"https:\/\/lobeapartment.at\/cz\/wp-json\/wp\/v2\/users\/1"}],"replies":[{"embeddable":true,"href":"https:\/\/lobeapartment.at\/cz\/wp-json\/wp\/v2\/comments?post=1752"}],"version-history":[{"count":0,"href":"https:\/\/lobeapartment.at\/cz\/wp-json\/wp\/v2\/pages\/1752\/revisions"}],"wp:attachment":[{"href":"https:\/\/lobeapartment.at\/cz\/wp-json\/wp\/v2\/media?parent=1752"}],"curies":[{"name":"wp","href":"https:\/\/api.w.org\/{rel}","templated":true}]}}