{"id":559,"date":"2019-09-17T11:28:45","date_gmt":"2019-09-17T11:28:45","guid":{"rendered":"https:\/\/themes.getmotopress.com\/booklium-default\/?page_id=554"},"modified":"2023-11-11T14:24:04","modified_gmt":"2023-11-11T14:24:04","slug":"rolunk","status":"publish","type":"page","link":"https:\/\/lobeapartment.at\/cz\/rolunk\/","title":{"rendered":"O n\u00e1s"},"content":{"rendered":"\t\t<div data-elementor-type=\"wp-page\" data-elementor-id=\"559\" class=\"elementor elementor-559\" data-elementor-post-type=\"page\">\n\t\t\t\t\t\t<section class=\"elementor-section elementor-top-section elementor-element elementor-element-fbd69bf elementor-section-boxed elementor-section-height-default elementor-section-height-default\" data-id=\"fbd69bf\" data-element_type=\"section\" data-e-type=\"section\" data-settings=\"{&quot;jet_parallax_layout_list&quot;:[{&quot;_id&quot;:&quot;460daf8&quot;,&quot;jet_parallax_layout_image&quot;:{&quot;url&quot;:&quot;&quot;,&quot;id&quot;:&quot;&quot;,&quot;size&quot;:&quot;&quot;},&quot;jet_parallax_layout_image_tablet&quot;:{&quot;url&quot;:&quot;&quot;,&quot;id&quot;:&quot;&quot;,&quot;size&quot;:&quot;&quot;},&quot;jet_parallax_layout_image_mobile&quot;:{&quot;url&quot;:&quot;&quot;,&quot;id&quot;:&quot;&quot;,&quot;size&quot;:&quot;&quot;},&quot;jet_parallax_layout_speed&quot;:{&quot;unit&quot;:&quot;%&quot;,&quot;size&quot;:50,&quot;sizes&quot;:[]},&quot;jet_parallax_layout_type&quot;:&quot;scroll&quot;,&quot;jet_parallax_layout_direction&quot;:&quot;1&quot;,&quot;jet_parallax_layout_fx_direction&quot;:null,&quot;jet_parallax_layout_z_index&quot;:&quot;&quot;,&quot;jet_parallax_layout_bg_x&quot;:50,&quot;jet_parallax_layout_bg_x_tablet&quot;:&quot;&quot;,&quot;jet_parallax_layout_bg_x_mobile&quot;:&quot;&quot;,&quot;jet_parallax_layout_bg_y&quot;:50,&quot;jet_parallax_layout_bg_y_tablet&quot;:&quot;&quot;,&quot;jet_parallax_layout_bg_y_mobile&quot;:&quot;&quot;,&quot;jet_parallax_layout_bg_size&quot;:&quot;auto&quot;,&quot;jet_parallax_layout_bg_size_tablet&quot;:&quot;&quot;,&quot;jet_parallax_layout_bg_size_mobile&quot;:&quot;&quot;,&quot;jet_parallax_layout_animation_prop&quot;:&quot;transform&quot;,&quot;jet_parallax_layout_on&quot;:[&quot;desktop&quot;,&quot;tablet&quot;]}]}\">\n\t\t\t\t\t\t<div class=\"elementor-container elementor-column-gap-default\">\n\t\t\t\t\t<div class=\"elementor-column elementor-col-100 elementor-top-column elementor-element elementor-element-dc9bbdf\" data-id=\"dc9bbdf\" data-element_type=\"column\" data-e-type=\"column\">\n\t\t\t<div class=\"elementor-widget-wrap elementor-element-populated\">\n\t\t\t\t\t\t<div class=\"elementor-element elementor-element-39dd6a8 elementor-widget elementor-widget-heading\" data-id=\"39dd6a8\" data-element_type=\"widget\" data-e-type=\"widget\" data-widget_type=\"heading.default\">\n\t\t\t\t<div class=\"elementor-widget-container\">\n\t\t\t\t\t<h2 class=\"elementor-heading-title elementor-size-default\">Ismerj meg minket!<\/h2>\t\t\t\t<\/div>\n\t\t\t\t<\/div>\n\t\t\t\t<section class=\"elementor-section elementor-inner-section elementor-element elementor-element-d0f52bf elementor-section-boxed elementor-section-height-default elementor-section-height-default\" data-id=\"d0f52bf\" data-element_type=\"section\" data-e-type=\"section\" data-settings=\"{&quot;jet_parallax_layout_list&quot;:[]}\">\n\t\t\t\t\t\t<div class=\"elementor-container elementor-column-gap-default\">\n\t\t\t\t\t<div class=\"elementor-column elementor-col-50 elementor-inner-column elementor-element elementor-element-9d84351\" data-id=\"9d84351\" data-element_type=\"column\" data-e-type=\"column\">\n\t\t\t<div class=\"elementor-widget-wrap elementor-element-populated\">\n\t\t\t\t\t\t<div class=\"elementor-element elementor-element-a8091e2 elementor-widget elementor-widget-text-editor\" data-id=\"a8091e2\" data-element_type=\"widget\" data-e-type=\"widget\" data-widget_type=\"text-editor.default\">\n\t\t\t\t<div class=\"elementor-widget-container\">\n\t\t\t\t\t\t\t\t\t<p>A LOBE Apartman l\u00e9trej\u00f6tte egy \u00e1lom megval\u00f3sul\u00e1sa, amely 2 fiatal csal\u00e1d \u00f6sszefog\u00e1s\u00e1b\u00f3l j\u00f6hetett l\u00e9tre. Mint sportszeret\u0151, kir\u00e1ndulni kedvel\u0151 csal\u00e1dok sz\u00e1mos alkalommal l\u00e1togattunk el a kor\u00e1bbi \u00e9vekben Ausztria k\u00fcl\u00f6nb\u00f6z\u0151, csod\u00e1latos t\u00e1jaira \u00e9s mindig \u00fagy t\u00e9rt\u00fcnk haza, hogy egyszer szeretn\u00e9nk egy apartmant, ahol nemcsak mi, hanem gyermekeink is j\u00f3l \u00e9rezhetik magukat.<\/p><p>Az \u00e1lmunk Bad Mitterndorfban v\u00e1lt val\u00f3ra, hiszen itt tal\u00e1ltuk meg azt a t\u00f6k\u00e9letes helysz\u00ednt, ahol megval\u00f3s\u00edthattuk a LOBE Apartmant az Aquamarin Resort \u00e9p\u00fclet\u00e9ben. Egy olyan helyet szerett\u00fcnk volna megalkotni, ahol mi magunk is sz\u00edvesen t\u00f6lten\u00e9nk id\u0151nket. \u00dagy \u00e9rezz\u00fck siker\u00fclt, hiszen egy letisztult, a modern kor ig\u00e9nyeit kiel\u00e9g\u00edt\u0151 berendez\u00e9ssel \u00e9s designnal rendelkez\u0151 apartmant hoztunk l\u00e9tre.<\/p>\t\t\t\t\t\t\t\t<\/div>\n\t\t\t\t<\/div>\n\t\t\t\t\t<\/div>\n\t\t<\/div>\n\t\t\t\t<div class=\"elementor-column elementor-col-50 elementor-inner-column elementor-element elementor-element-730989c\" data-id=\"730989c\" data-element_type=\"column\" data-e-type=\"column\">\n\t\t\t<div class=\"elementor-widget-wrap elementor-element-populated\">\n\t\t\t\t\t\t<div class=\"elementor-element elementor-element-d0b0e1b elementor-widget elementor-widget-image\" data-id=\"d0b0e1b\" data-element_type=\"widget\" data-e-type=\"widget\" data-widget_type=\"image.default\">\n\t\t\t\t<div class=\"elementor-widget-container\">\n\t\t\t\t\t\t\t\t\t\t\t\t\t\t\t<img fetchpriority=\"high\" decoding=\"async\" width=\"1536\" height=\"1329\" src=\"https:\/\/lobeapartment.at\/wp-content\/uploads\/2020\/02\/DSC00418-1536x1329.jpg\" class=\"attachment-1536x1536 size-1536x1536 wp-image-2436\" alt=\"\" srcset=\"https:\/\/lobeapartment.at\/wp-content\/uploads\/2020\/02\/DSC00418-1536x1329.jpg 1536w, https:\/\/lobeapartment.at\/wp-content\/uploads\/2020\/02\/DSC00418-300x260.jpg 300w, https:\/\/lobeapartment.at\/wp-content\/uploads\/2020\/02\/DSC00418-1024x886.jpg 1024w, https:\/\/lobeapartment.at\/wp-content\/uploads\/2020\/02\/DSC00418-768x664.jpg 768w, https:\/\/lobeapartment.at\/wp-content\/uploads\/2020\/02\/DSC00418-2048x1772.jpg 2048w, https:\/\/lobeapartment.at\/wp-content\/uploads\/2020\/02\/DSC00418-600x519.jpg 600w\" sizes=\"(max-width: 1536px) 100vw, 1536px\" \/>\t\t\t\t\t\t\t\t\t\t\t\t\t\t\t<\/div>\n\t\t\t\t<\/div>\n\t\t\t\t\t<\/div>\n\t\t<\/div>\n\t\t\t\t\t<\/div>\n\t\t<\/section>\n\t\t\t\t<div class=\"elementor-element elementor-element-59fac8c elementor-widget elementor-widget-heading\" data-id=\"59fac8c\" data-element_type=\"widget\" data-e-type=\"widget\" data-widget_type=\"heading.default\">\n\t\t\t\t<div class=\"elementor-widget-container\">\n\t\t\t\t\t<h2 class=\"elementor-heading-title elementor-size-default\">Legy\u00e9l Te is vend\u00e9g\u00fcnk bar\u00e1taiddal, csal\u00e1doddal \u00e9s \u00e9lj\u00e9tek \u00e1t a k\u00f6rny\u00e9k ny\u00fajtotta k\u00fcl\u00f6nleges kikapcsol\u00f3d\u00e1si lehet\u0151s\u00e9get<\/h2>\t\t\t\t<\/div>\n\t\t\t\t<\/div>\n\t\t\t\t\t<\/div>\n\t\t<\/div>\n\t\t\t\t\t<\/div>\n\t\t<\/section>\n\t\t\t\t<section class=\"elementor-section elementor-top-section elementor-element elementor-element-d7615a5 elementor-hidden-desktop elementor-hidden-tablet elementor-hidden-mobile elementor-section-boxed elementor-section-height-default elementor-section-height-default\" data-id=\"d7615a5\" data-element_type=\"section\" data-e-type=\"section\" data-settings=\"{&quot;jet_parallax_layout_list&quot;:[{&quot;jet_parallax_layout_image&quot;:{&quot;url&quot;:&quot;&quot;,&quot;id&quot;:&quot;&quot;,&quot;size&quot;:&quot;&quot;},&quot;_id&quot;:&quot;f3f8e2d&quot;,&quot;jet_parallax_layout_image_tablet&quot;:{&quot;url&quot;:&quot;&quot;,&quot;id&quot;:&quot;&quot;,&quot;size&quot;:&quot;&quot;},&quot;jet_parallax_layout_image_mobile&quot;:{&quot;url&quot;:&quot;&quot;,&quot;id&quot;:&quot;&quot;,&quot;size&quot;:&quot;&quot;},&quot;jet_parallax_layout_speed&quot;:{&quot;unit&quot;:&quot;%&quot;,&quot;size&quot;:50,&quot;sizes&quot;:[]},&quot;jet_parallax_layout_type&quot;:&quot;scroll&quot;,&quot;jet_parallax_layout_direction&quot;:&quot;1&quot;,&quot;jet_parallax_layout_fx_direction&quot;:null,&quot;jet_parallax_layout_z_index&quot;:&quot;&quot;,&quot;jet_parallax_layout_bg_x&quot;:50,&quot;jet_parallax_layout_bg_x_tablet&quot;:&quot;&quot;,&quot;jet_parallax_layout_bg_x_mobile&quot;:&quot;&quot;,&quot;jet_parallax_layout_bg_y&quot;:50,&quot;jet_parallax_layout_bg_y_tablet&quot;:&quot;&quot;,&quot;jet_parallax_layout_bg_y_mobile&quot;:&quot;&quot;,&quot;jet_parallax_layout_bg_size&quot;:&quot;auto&quot;,&quot;jet_parallax_layout_bg_size_tablet&quot;:&quot;&quot;,&quot;jet_parallax_layout_bg_size_mobile&quot;:&quot;&quot;,&quot;jet_parallax_layout_animation_prop&quot;:&quot;transform&quot;,&quot;jet_parallax_layout_on&quot;:[&quot;desktop&quot;,&quot;tablet&quot;]}]}\">\n\t\t\t\t\t\t<div class=\"elementor-container elementor-column-gap-default\">\n\t\t\t\t\t<div class=\"elementor-column elementor-col-100 elementor-top-column elementor-element elementor-element-4debf0d\" data-id=\"4debf0d\" data-element_type=\"column\" data-e-type=\"column\">\n\t\t\t<div class=\"elementor-widget-wrap elementor-element-populated\">\n\t\t\t\t\t\t<div class=\"elementor-element elementor-element-1484cf5 elementor-widget elementor-widget-mphbe-services\" data-id=\"1484cf5\" data-element_type=\"widget\" data-e-type=\"widget\" data-widget_type=\"mphbe-services.default\">\n\t\t\t\t<div class=\"elementor-widget-container\">\n\t\t\t\t\t<div class=\"mphb_sc_services-wrapper \"><div class=\"mphb-service post-1222 mphb_room_service type-mphb_room_service status-publish mphb-service-free mphb-service-pay-per-night\">\n\n\t\n\n\n\n<h2 class=\"mphb-service-title\">\n<a href=\"https:\/\/lobeapartment.at\/cz\/services\/airport-shuttle-underground-parking\/\">Airport Shuttle &#038;  Underground Parking<\/a>\n<\/h2>\n\n<p>Free for all visitors except Single Rooms We know that our hotel&#8217;s visitors come from different places. But considering that most of them arrive in Indianapolis via the local airport, we wanted to make some extra step for their convenience. As a courtesy service, we&#8217;re always glad to offer you an airport shuttle service to [&hellip;]<\/p>\n\n\n<p class=\"mphb-price-wrapper\"><strong>Cena:<\/strong>\n<span class=\"mphb-price mphb-price-free\">Bezplatn\u00e1<\/span>\n<\/p>\n<\/div><div class=\"mphb-service post-1225 mphb_room_service type-mphb_room_service status-publish mphb-service-free mphb-service-pay-per-night\">\n\n\t\n\n\n\n<h2 class=\"mphb-service-title\">\n<a href=\"https:\/\/lobeapartment.at\/cz\/services\/room-service-concierge-service\/\">Room Service &#038;  Concierge Service<\/a>\n<\/h2>\n\n<p>Prices depend on the menu items you order Room service has always been one of the most essential (and popular) services for any hotel. With us being no exception to this practice, we at the Woods Hotel would truly like to be sure that any kind of additional service a customer wants can be easily [&hellip;]<\/p>\n\n\n<p class=\"mphb-price-wrapper\"><strong>Cena:<\/strong>\n<span class=\"mphb-price mphb-price-free\">Bezplatn\u00e1<\/span>\n<\/p>\n<\/div><div class=\"mphb-service post-1228 mphb_room_service type-mphb_room_service status-publish mphb-service-pay-per-night\">\n\n\t\n\n\n\n<h2 class=\"mphb-service-title\">\n<a href=\"https:\/\/lobeapartment.at\/cz\/services\/spa-beauty-centre\/\">SPA &#038; Beauty Centre<\/a>\n<\/h2>\n\n<p>Prices start at $180.00 Having our own SPA &amp; beauty center comes as a great advantage for anyone who&#8217;s staying with us, as the majority of other hotels in the city do not offer such an additional servicing&#8230; Here you&#8217;ll be able to find a peace of mind at any time, as the SPA center [&hellip;]<\/p>\n\n\n<p class=\"mphb-price-wrapper\"><strong>Cena:<\/strong>\n<span class=\"mphb-price\"><span class=\"mphb-currency\">&euro;<\/span>200<\/span> \/ Denn\u011b \/ Za pobyt\n<\/p>\n<\/div><div class=\"mphb-service post-1231 mphb_room_service type-mphb_room_service status-publish mphb-service-pay-per-night\">\n\n\t\n\n\n\n<h2 class=\"mphb-service-title\">\n<a href=\"https:\/\/lobeapartment.at\/cz\/services\/conference-hall-for-business-events\/\">Conference Hall  for Business Events<\/a>\n<\/h2>\n\n<p>Prices start at $380.00\/hour Though a majority of our hotel&#8217;s visitors are families, traveling across the country, many business people visit our city and are staying at our hotel as well. Bearing in mind, that no business event can possibly happen without a place for having a meeting at, we offer you a number of [&hellip;]<\/p>\n\n\n<p class=\"mphb-price-wrapper\"><strong>Cena:<\/strong>\n<span class=\"mphb-price\"><span class=\"mphb-currency\">&euro;<\/span>390<\/span> \/ Denn\u011b \/ Za pobyt\n<\/p>\n<\/div><\/div>\t\t\t\t<\/div>\n\t\t\t\t<\/div>\n\t\t\t\t\t<\/div>\n\t\t<\/div>\n\t\t\t\t\t<\/div>\n\t\t<\/section>\n\t\t\t\t<section class=\"elementor-section elementor-top-section elementor-element elementor-element-9294566 elementor-section-boxed elementor-section-height-default elementor-section-height-default\" data-id=\"9294566\" data-element_type=\"section\" data-e-type=\"section\" data-settings=\"{&quot;jet_parallax_layout_list&quot;:[]}\">\n\t\t\t\t\t\t<div class=\"elementor-container elementor-column-gap-default\">\n\t\t\t\t\t<div class=\"elementor-column elementor-col-50 elementor-top-column elementor-element elementor-element-8a9e1e4\" data-id=\"8a9e1e4\" data-element_type=\"column\" data-e-type=\"column\">\n\t\t\t<div class=\"elementor-widget-wrap elementor-element-populated\">\n\t\t\t\t\t\t<div class=\"elementor-element elementor-element-f9b6d27 elementor-align-center elementor-widget elementor-widget-button\" data-id=\"f9b6d27\" data-element_type=\"widget\" data-e-type=\"widget\" data-widget_type=\"button.default\">\n\t\t\t\t<div class=\"elementor-widget-container\">\n\t\t\t\t\t\t\t\t\t<div class=\"elementor-button-wrapper\">\n\t\t\t\t\t<a class=\"elementor-button elementor-button-link elementor-size-lg\" href=\"https:\/\/lobeapartment.at\/araink\/\">\n\t\t\t\t\t\t<span class=\"elementor-button-content-wrapper\">\n\t\t\t\t\t\t\t\t\t<span class=\"elementor-button-text\">\u00c1RAK<\/span>\n\t\t\t\t\t<\/span>\n\t\t\t\t\t<\/a>\n\t\t\t\t<\/div>\n\t\t\t\t\t\t\t\t<\/div>\n\t\t\t\t<\/div>\n\t\t\t\t\t<\/div>\n\t\t<\/div>\n\t\t\t\t<div class=\"elementor-column elementor-col-50 elementor-top-column elementor-element elementor-element-a3e43f8\" data-id=\"a3e43f8\" data-element_type=\"column\" data-e-type=\"column\">\n\t\t\t<div class=\"elementor-widget-wrap elementor-element-populated\">\n\t\t\t\t\t\t<div class=\"elementor-element elementor-element-9927c10 elementor-align-center elementor-widget elementor-widget-button\" data-id=\"9927c10\" data-element_type=\"widget\" data-e-type=\"widget\" data-widget_type=\"button.default\">\n\t\t\t\t<div class=\"elementor-widget-container\">\n\t\t\t\t\t\t\t\t\t<div class=\"elementor-button-wrapper\">\n\t\t\t\t\t<a class=\"elementor-button elementor-button-link elementor-size-lg\" href=\"https:\/\/lobeapartment.at\/accommodation\/premium-suite\/\">\n\t\t\t\t\t\t<span class=\"elementor-button-content-wrapper\">\n\t\t\t\t\t\t\t\t\t<span class=\"elementor-button-text\">FOGLAL\u00c1S<\/span>\n\t\t\t\t\t<\/span>\n\t\t\t\t\t<\/a>\n\t\t\t\t<\/div>\n\t\t\t\t\t\t\t\t<\/div>\n\t\t\t\t<\/div>\n\t\t\t\t\t<\/div>\n\t\t<\/div>\n\t\t\t\t\t<\/div>\n\t\t<\/section>\n\t\t\t\t<\/div>\n\t\t","protected":false},"excerpt":{"rendered":"<p>Each villa we propose has one-of-a-king design with exceptional and modern furniture, so that your rest stays full of relax and pleasant unforgettable emotions. <\/p>","protected":false},"author":1,"featured_media":556,"parent":0,"menu_order":0,"comment_status":"closed","ping_status":"closed","template":"page-templates\/fullwidth-content.php","meta":{"footnotes":""},"class_list":["post-559","page","type-page","status-publish","has-post-thumbnail","hentry"],"yoast_head":"<!-- This site is optimized with the Yoast SEO Premium plugin v27.4 (Yoast SEO v27.4) - https:\/\/yoast.com\/product\/yoast-seo-premium-wordpress\/ -->\n<title>R\u00f3lunk - LOBE APARTMENT<\/title>\n<meta name=\"description\" content=\"Ismerd meg a LOBE Apartman t\u00f6rt\u00e9net\u00e9t. Sz\u00e1munkra egy \u00e1lom val\u00f3ra v\u00e1l\u00e1sa, neked remek pihen\u00e9si lehet\u0151s\u00e9g.\" \/>\n<meta name=\"robots\" content=\"index, follow, max-snippet:-1, max-image-preview:large, max-video-preview:-1\" \/>\n<link rel=\"canonical\" href=\"https:\/\/lobeapartment.at\/cz\/rolunk\/\" \/>\n<meta property=\"og:locale\" content=\"cs_CZ\" \/>\n<meta property=\"og:type\" content=\"article\" \/>\n<meta property=\"og:title\" content=\"R\u00f3lunk\" \/>\n<meta property=\"og:description\" content=\"Ismerd meg a LOBE Apartman t\u00f6rt\u00e9net\u00e9t. Sz\u00e1munkra egy \u00e1lom val\u00f3ra v\u00e1l\u00e1sa, neked remek pihen\u00e9si lehet\u0151s\u00e9g.\" \/>\n<meta property=\"og:url\" content=\"https:\/\/lobeapartment.at\/cz\/rolunk\/\" \/>\n<meta property=\"og:site_name\" content=\"LOBE APARTMENT\" \/>\n<meta property=\"article:modified_time\" content=\"2023-11-11T14:24:04+00:00\" \/>\n<meta name=\"twitter:card\" content=\"summary_large_image\" \/>\n<meta name=\"twitter:label1\" content=\"Odhadovan\u00e1 doba \u010dten\u00ed\" \/>\n\t<meta name=\"twitter:data1\" content=\"3 minuty\" \/>\n<script type=\"application\/ld+json\" class=\"yoast-schema-graph\">{\"@context\":\"https:\\\/\\\/schema.org\",\"@graph\":[{\"@type\":\"WebPage\",\"@id\":\"https:\\\/\\\/lobeapartment.at\\\/rolunk\\\/\",\"url\":\"https:\\\/\\\/lobeapartment.at\\\/rolunk\\\/\",\"name\":\"R\u00f3lunk - LOBE APARTMENT\",\"isPartOf\":{\"@id\":\"https:\\\/\\\/lobeapartment.at\\\/en\\\/#website\"},\"primaryImageOfPage\":{\"@id\":\"https:\\\/\\\/lobeapartment.at\\\/rolunk\\\/#primaryimage\"},\"image\":{\"@id\":\"https:\\\/\\\/lobeapartment.at\\\/rolunk\\\/#primaryimage\"},\"thumbnailUrl\":\"\",\"datePublished\":\"2019-09-17T11:28:45+00:00\",\"dateModified\":\"2023-11-11T14:24:04+00:00\",\"description\":\"Ismerd meg a LOBE Apartman t\u00f6rt\u00e9net\u00e9t. Sz\u00e1munkra egy \u00e1lom val\u00f3ra v\u00e1l\u00e1sa, neked remek pihen\u00e9si lehet\u0151s\u00e9g.\",\"breadcrumb\":{\"@id\":\"https:\\\/\\\/lobeapartment.at\\\/rolunk\\\/#breadcrumb\"},\"inLanguage\":\"cs\",\"potentialAction\":[{\"@type\":\"ReadAction\",\"target\":[\"https:\\\/\\\/lobeapartment.at\\\/rolunk\\\/\"]}]},{\"@type\":\"ImageObject\",\"inLanguage\":\"cs\",\"@id\":\"https:\\\/\\\/lobeapartment.at\\\/rolunk\\\/#primaryimage\",\"url\":\"\",\"contentUrl\":\"\"},{\"@type\":\"BreadcrumbList\",\"@id\":\"https:\\\/\\\/lobeapartment.at\\\/rolunk\\\/#breadcrumb\",\"itemListElement\":[{\"@type\":\"ListItem\",\"position\":1,\"name\":\"Kezd\u0151lap\",\"item\":\"https:\\\/\\\/lobeapartment.at\\\/\"},{\"@type\":\"ListItem\",\"position\":2,\"name\":\"R\u00f3lunk\"}]},{\"@type\":\"WebSite\",\"@id\":\"https:\\\/\\\/lobeapartment.at\\\/en\\\/#website\",\"url\":\"https:\\\/\\\/lobeapartment.at\\\/en\\\/\",\"name\":\"LOBE APARTMENT\",\"description\":\"LOBE Apartman - Ausztria - Bad Mitterndorf\",\"publisher\":{\"@id\":\"https:\\\/\\\/lobeapartment.at\\\/en\\\/#organization\"},\"potentialAction\":[{\"@type\":\"SearchAction\",\"target\":{\"@type\":\"EntryPoint\",\"urlTemplate\":\"https:\\\/\\\/lobeapartment.at\\\/en\\\/?s={search_term_string}\"},\"query-input\":{\"@type\":\"PropertyValueSpecification\",\"valueRequired\":true,\"valueName\":\"search_term_string\"}}],\"inLanguage\":\"cs\"},{\"@type\":\"Organization\",\"@id\":\"https:\\\/\\\/lobeapartment.at\\\/en\\\/#organization\",\"name\":\"LOBE APARTMENT\",\"url\":\"https:\\\/\\\/lobeapartment.at\\\/en\\\/\",\"logo\":{\"@type\":\"ImageObject\",\"inLanguage\":\"cs\",\"@id\":\"https:\\\/\\\/lobeapartment.at\\\/en\\\/#\\\/schema\\\/logo\\\/image\\\/\",\"url\":\"https:\\\/\\\/lobeapartment.at\\\/wp-content\\\/uploads\\\/2023\\\/01\\\/Oldalra-logo.jpg\",\"contentUrl\":\"https:\\\/\\\/lobeapartment.at\\\/wp-content\\\/uploads\\\/2023\\\/01\\\/Oldalra-logo.jpg\",\"width\":768,\"height\":768,\"caption\":\"LOBE APARTMENT\"},\"image\":{\"@id\":\"https:\\\/\\\/lobeapartment.at\\\/en\\\/#\\\/schema\\\/logo\\\/image\\\/\"}}]}<\/script>\n<!-- \/ Yoast SEO Premium plugin. -->","yoast_head_json":{"title":"R\u00f3lunk - LOBE APARTMENT","description":"Ismerd meg a LOBE Apartman t\u00f6rt\u00e9net\u00e9t. Sz\u00e1munkra egy \u00e1lom val\u00f3ra v\u00e1l\u00e1sa, neked remek pihen\u00e9si lehet\u0151s\u00e9g.","robots":{"index":"index","follow":"follow","max-snippet":"max-snippet:-1","max-image-preview":"max-image-preview:large","max-video-preview":"max-video-preview:-1"},"canonical":"https:\/\/lobeapartment.at\/cz\/rolunk\/","og_locale":"cs_CZ","og_type":"article","og_title":"R\u00f3lunk","og_description":"Ismerd meg a LOBE Apartman t\u00f6rt\u00e9net\u00e9t. Sz\u00e1munkra egy \u00e1lom val\u00f3ra v\u00e1l\u00e1sa, neked remek pihen\u00e9si lehet\u0151s\u00e9g.","og_url":"https:\/\/lobeapartment.at\/cz\/rolunk\/","og_site_name":"LOBE APARTMENT","article_modified_time":"2023-11-11T14:24:04+00:00","twitter_card":"summary_large_image","twitter_misc":{"Odhadovan\u00e1 doba \u010dten\u00ed":"3 minuty"},"schema":{"@context":"https:\/\/schema.org","@graph":[{"@type":"WebPage","@id":"https:\/\/lobeapartment.at\/rolunk\/","url":"https:\/\/lobeapartment.at\/rolunk\/","name":"R\u00f3lunk - LOBE APARTMENT","isPartOf":{"@id":"https:\/\/lobeapartment.at\/en\/#website"},"primaryImageOfPage":{"@id":"https:\/\/lobeapartment.at\/rolunk\/#primaryimage"},"image":{"@id":"https:\/\/lobeapartment.at\/rolunk\/#primaryimage"},"thumbnailUrl":"","datePublished":"2019-09-17T11:28:45+00:00","dateModified":"2023-11-11T14:24:04+00:00","description":"Ismerd meg a LOBE Apartman t\u00f6rt\u00e9net\u00e9t. Sz\u00e1munkra egy \u00e1lom val\u00f3ra v\u00e1l\u00e1sa, neked remek pihen\u00e9si lehet\u0151s\u00e9g.","breadcrumb":{"@id":"https:\/\/lobeapartment.at\/rolunk\/#breadcrumb"},"inLanguage":"cs","potentialAction":[{"@type":"ReadAction","target":["https:\/\/lobeapartment.at\/rolunk\/"]}]},{"@type":"ImageObject","inLanguage":"cs","@id":"https:\/\/lobeapartment.at\/rolunk\/#primaryimage","url":"","contentUrl":""},{"@type":"BreadcrumbList","@id":"https:\/\/lobeapartment.at\/rolunk\/#breadcrumb","itemListElement":[{"@type":"ListItem","position":1,"name":"Kezd\u0151lap","item":"https:\/\/lobeapartment.at\/"},{"@type":"ListItem","position":2,"name":"R\u00f3lunk"}]},{"@type":"WebSite","@id":"https:\/\/lobeapartment.at\/en\/#website","url":"https:\/\/lobeapartment.at\/en\/","name":"LOBE APARTMENT","description":"LOBE Apartman - Ausztria - Bad Mitterndorf","publisher":{"@id":"https:\/\/lobeapartment.at\/en\/#organization"},"potentialAction":[{"@type":"SearchAction","target":{"@type":"EntryPoint","urlTemplate":"https:\/\/lobeapartment.at\/en\/?s={search_term_string}"},"query-input":{"@type":"PropertyValueSpecification","valueRequired":true,"valueName":"search_term_string"}}],"inLanguage":"cs"},{"@type":"Organization","@id":"https:\/\/lobeapartment.at\/en\/#organization","name":"LOBE APARTMENT","url":"https:\/\/lobeapartment.at\/en\/","logo":{"@type":"ImageObject","inLanguage":"cs","@id":"https:\/\/lobeapartment.at\/en\/#\/schema\/logo\/image\/","url":"https:\/\/lobeapartment.at\/wp-content\/uploads\/2023\/01\/Oldalra-logo.jpg","contentUrl":"https:\/\/lobeapartment.at\/wp-content\/uploads\/2023\/01\/Oldalra-logo.jpg","width":768,"height":768,"caption":"LOBE APARTMENT"},"image":{"@id":"https:\/\/lobeapartment.at\/en\/#\/schema\/logo\/image\/"}}]}},"_links":{"self":[{"href":"https:\/\/lobeapartment.at\/cz\/wp-json\/wp\/v2\/pages\/559","targetHints":{"allow":["GET"]}}],"collection":[{"href":"https:\/\/lobeapartment.at\/cz\/wp-json\/wp\/v2\/pages"}],"about":[{"href":"https:\/\/lobeapartment.at\/cz\/wp-json\/wp\/v2\/types\/page"}],"author":[{"embeddable":true,"href":"https:\/\/lobeapartment.at\/cz\/wp-json\/wp\/v2\/users\/1"}],"replies":[{"embeddable":true,"href":"https:\/\/lobeapartment.at\/cz\/wp-json\/wp\/v2\/comments?post=559"}],"version-history":[{"count":55,"href":"https:\/\/lobeapartment.at\/cz\/wp-json\/wp\/v2\/pages\/559\/revisions"}],"predecessor-version":[{"id":2892,"href":"https:\/\/lobeapartment.at\/cz\/wp-json\/wp\/v2\/pages\/559\/revisions\/2892"}],"wp:featuredmedia":[{"embeddable":true,"href":"https:\/\/lobeapartment.at\/cz\/wp-json\/"}],"wp:attachment":[{"href":"https:\/\/lobeapartment.at\/cz\/wp-json\/wp\/v2\/media?parent=559"}],"curies":[{"name":"wp","href":"https:\/\/api.w.org\/{rel}","templated":true}]}}