{"id":1370,"date":"2020-02-24T13:56:52","date_gmt":"2020-02-24T13:56:52","guid":{"rendered":"https:\/\/ld-wp73.template-help.com\/wordpress\/prod_803\/v1\/?page_id=1370"},"modified":"2023-11-11T14:26:20","modified_gmt":"2023-11-11T14:26:20","slug":"kapcsolat","status":"publish","type":"page","link":"https:\/\/lobeapartment.at\/en\/kapcsolat\/","title":{"rendered":"Contact"},"content":{"rendered":"\t\t<div data-elementor-type=\"wp-page\" data-elementor-id=\"1370\" class=\"elementor elementor-1370\" data-elementor-post-type=\"page\">\n\t\t\t\t\t\t<section class=\"elementor-section elementor-top-section elementor-element elementor-element-c37925b elementor-section-boxed elementor-section-height-default elementor-section-height-default\" data-id=\"c37925b\" data-element_type=\"section\" data-e-type=\"section\" data-settings=\"{&quot;jet_parallax_layout_list&quot;:[{&quot;_id&quot;:&quot;a9633c6&quot;,&quot;jet_parallax_layout_image&quot;:{&quot;url&quot;:&quot;&quot;,&quot;id&quot;:&quot;&quot;,&quot;size&quot;:&quot;&quot;},&quot;jet_parallax_layout_image_tablet&quot;:{&quot;url&quot;:&quot;&quot;,&quot;id&quot;:&quot;&quot;,&quot;size&quot;:&quot;&quot;},&quot;jet_parallax_layout_image_mobile&quot;:{&quot;url&quot;:&quot;&quot;,&quot;id&quot;:&quot;&quot;,&quot;size&quot;:&quot;&quot;},&quot;jet_parallax_layout_speed&quot;:{&quot;unit&quot;:&quot;%&quot;,&quot;size&quot;:50,&quot;sizes&quot;:[]},&quot;jet_parallax_layout_type&quot;:&quot;scroll&quot;,&quot;jet_parallax_layout_direction&quot;:&quot;1&quot;,&quot;jet_parallax_layout_fx_direction&quot;:null,&quot;jet_parallax_layout_z_index&quot;:&quot;&quot;,&quot;jet_parallax_layout_bg_x&quot;:50,&quot;jet_parallax_layout_bg_x_tablet&quot;:&quot;&quot;,&quot;jet_parallax_layout_bg_x_mobile&quot;:&quot;&quot;,&quot;jet_parallax_layout_bg_y&quot;:50,&quot;jet_parallax_layout_bg_y_tablet&quot;:&quot;&quot;,&quot;jet_parallax_layout_bg_y_mobile&quot;:&quot;&quot;,&quot;jet_parallax_layout_bg_size&quot;:&quot;auto&quot;,&quot;jet_parallax_layout_bg_size_tablet&quot;:&quot;&quot;,&quot;jet_parallax_layout_bg_size_mobile&quot;:&quot;&quot;,&quot;jet_parallax_layout_animation_prop&quot;:&quot;transform&quot;,&quot;jet_parallax_layout_on&quot;:[&quot;desktop&quot;,&quot;tablet&quot;]}],&quot;background_background&quot;:&quot;classic&quot;}\">\n\t\t\t\t\t\t<div class=\"elementor-container elementor-column-gap-default\">\n\t\t\t\t\t<div class=\"elementor-column elementor-col-50 elementor-top-column elementor-element elementor-element-6a176feb\" data-id=\"6a176feb\" data-element_type=\"column\" data-e-type=\"column\">\n\t\t\t<div class=\"elementor-widget-wrap elementor-element-populated\">\n\t\t\t\t\t\t<div class=\"elementor-element elementor-element-5c738189 elementor-widget elementor-widget-heading\" data-id=\"5c738189\" data-element_type=\"widget\" data-e-type=\"widget\" data-widget_type=\"heading.default\">\n\t\t\t\t<div class=\"elementor-widget-container\">\n\t\t\t\t\t<h1 class=\"elementor-heading-title elementor-size-default\">KAPCSOLAT<\/h1>\t\t\t\t<\/div>\n\t\t\t\t<\/div>\n\t\t\t\t<div class=\"jet-satellite-widget elementor-element elementor-element-7dd7953d elementor-widget elementor-widget-heading\" data-jet-tricks-settings=\"{&quot;satellite&quot;:&quot;true&quot;,&quot;satelliteType&quot;:&quot;icon&quot;,&quot;satellitePosition&quot;:&quot;middle-left&quot;}\" data-id=\"7dd7953d\" data-element_type=\"widget\" data-e-type=\"widget\" data-widget_type=\"heading.default\">\n\t\t\t\t<div class=\"elementor-widget-container\">\n\t\t\t\t\t<div class=\"jet-tricks-satellite jet-tricks-satellite--middle-left\"><div class=\"jet-tricks-satellite__inner\"><div class=\"jet-tricks-satellite__icon\"><div class=\"jet-tricks-satellite__icon-instance jet-tricks-icon\"><i aria-hidden=\"true\" class=\"fas fa-plus\"><\/i><\/div><\/div><\/div><\/div><p class=\"elementor-heading-title elementor-size-default\">AUSZTRIA, BAD MITTERNDORF<\/p>\t\t\t\t<\/div>\n\t\t\t\t<\/div>\n\t\t\t\t<div class=\"elementor-element elementor-element-4c90aac0 elementor-widget elementor-widget-text-editor\" data-id=\"4c90aac0\" data-element_type=\"widget\" data-e-type=\"widget\" data-widget_type=\"text-editor.default\">\n\t\t\t\t<div class=\"elementor-widget-container\">\n\t\t\t\t\t\t\t\t\t<p>Th\u00f6rl 48, 8983 Bad Mitterndorf, Ausztria<\/p><p>Google Maps-be be\u00edrva LOBE Apartment n\u00e9ven tal\u00e1lsz meg minket.<\/p>\t\t\t\t\t\t\t\t<\/div>\n\t\t\t\t<\/div>\n\t\t\t\t<div class=\"jet-satellite-widget elementor-element elementor-element-248c0f6f elementor-widget elementor-widget-heading\" data-jet-tricks-settings=\"{&quot;satellite&quot;:&quot;true&quot;,&quot;satelliteType&quot;:&quot;icon&quot;,&quot;satellitePosition&quot;:&quot;middle-left&quot;}\" data-id=\"248c0f6f\" data-element_type=\"widget\" data-e-type=\"widget\" data-widget_type=\"heading.default\">\n\t\t\t\t<div class=\"elementor-widget-container\">\n\t\t\t\t\t<div class=\"jet-tricks-satellite jet-tricks-satellite--middle-left\"><div class=\"jet-tricks-satellite__inner\"><div class=\"jet-tricks-satellite__icon\"><div class=\"jet-tricks-satellite__icon-instance jet-tricks-icon\"><i aria-hidden=\"true\" class=\"fas fa-plus\"><\/i><\/div><\/div><\/div><\/div><p class=\"elementor-heading-title elementor-size-default\">FOGLAL\u00c1S<\/p>\t\t\t\t<\/div>\n\t\t\t\t<\/div>\n\t\t\t\t<div class=\"elementor-element elementor-element-6fce365 elementor-widget__width-auto elementor-widget elementor-widget-heading\" data-id=\"6fce365\" data-element_type=\"widget\" data-e-type=\"widget\" data-widget_type=\"heading.default\">\n\t\t\t\t<div class=\"elementor-widget-container\">\n\t\t\t\t\t<div class=\"elementor-heading-title elementor-size-default\">Email:<\/div>\t\t\t\t<\/div>\n\t\t\t\t<\/div>\n\t\t\t\t<div class=\"elementor-element elementor-element-13e7935 elementor-widget__width-auto elementor-mobile-align-start elementor-icon-list--layout-traditional elementor-list-item-link-full_width elementor-widget elementor-widget-icon-list\" data-id=\"13e7935\" data-element_type=\"widget\" data-e-type=\"widget\" data-widget_type=\"icon-list.default\">\n\t\t\t\t<div class=\"elementor-widget-container\">\n\t\t\t\t\t\t\t<ul class=\"elementor-icon-list-items\">\n\t\t\t\t\t\t\t<li class=\"elementor-icon-list-item\">\n\t\t\t\t\t\t\t\t\t\t\t<a href=\"mailto:example@demolink.org\">\n\n\t\t\t\t\t\t\t\t\t\t\t<span class=\"elementor-icon-list-text\">lobeapartment@gmail.com<\/span>\n\t\t\t\t\t\t\t\t\t\t\t<\/a>\n\t\t\t\t\t\t\t\t\t<\/li>\n\t\t\t\t\t\t<\/ul>\n\t\t\t\t\t\t<\/div>\n\t\t\t\t<\/div>\n\t\t\t\t<div class=\"elementor-element elementor-element-41b0e429 elementor-widget elementor-widget-text-editor\" data-id=\"41b0e429\" data-element_type=\"widget\" data-e-type=\"widget\" data-widget_type=\"text-editor.default\">\n\t\t\t\t<div class=\"elementor-widget-container\">\n\t\t\t\t\t\t\t\t\t<p>+36 20 20 98 226<\/p>\t\t\t\t\t\t\t\t<\/div>\n\t\t\t\t<\/div>\n\t\t\t\t<div class=\"jet-satellite-widget elementor-element elementor-element-59281a80 elementor-widget elementor-widget-heading\" data-jet-tricks-settings=\"{&quot;satellite&quot;:&quot;true&quot;,&quot;satelliteType&quot;:&quot;icon&quot;,&quot;satellitePosition&quot;:&quot;middle-left&quot;}\" data-id=\"59281a80\" data-element_type=\"widget\" data-e-type=\"widget\" data-widget_type=\"heading.default\">\n\t\t\t\t<div class=\"elementor-widget-container\">\n\t\t\t\t\t<div class=\"jet-tricks-satellite jet-tricks-satellite--middle-left\"><div class=\"jet-tricks-satellite__inner\"><div class=\"jet-tricks-satellite__icon\"><div class=\"jet-tricks-satellite__icon-instance jet-tricks-icon\"><i aria-hidden=\"true\" class=\"fas fa-plus\"><\/i><\/div><\/div><\/div><\/div><p class=\"elementor-heading-title elementor-size-default\"><span style=\"font-family: Arial;font-size: 13px\">NYELVEK AMIKET BESZ\u00c9L\u00dcNK<\/span><\/p>\t\t\t\t<\/div>\n\t\t\t\t<\/div>\n\t\t\t\t<div class=\"jet-satellite-widget elementor-element elementor-element-60f36ab elementor-widget elementor-widget-heading\" data-jet-tricks-settings=\"{&quot;satellite&quot;:&quot;true&quot;,&quot;satelliteType&quot;:&quot;icon&quot;,&quot;satellitePosition&quot;:&quot;middle-left&quot;}\" data-id=\"60f36ab\" data-element_type=\"widget\" data-e-type=\"widget\" data-widget_type=\"heading.default\">\n\t\t\t\t<div class=\"elementor-widget-container\">\n\t\t\t\t\t<div class=\"jet-tricks-satellite jet-tricks-satellite--middle-left\"><div class=\"jet-tricks-satellite__inner\"><div class=\"jet-tricks-satellite__icon\"><div class=\"jet-tricks-satellite__icon-instance jet-tricks-icon\"><i aria-hidden=\"true\" class=\"fas fa-plus\"><\/i><\/div><\/div><\/div><\/div><p class=\"elementor-heading-title elementor-size-default\"><font face=\"Arial\"><span style=\"font-size: 13px\">MAGYAR, N\u00c9MET, ANGOL<\/span><\/font><\/p>\t\t\t\t<\/div>\n\t\t\t\t<\/div>\n\t\t\t\t\t<\/div>\n\t\t<\/div>\n\t\t\t\t<div class=\"elementor-column elementor-col-50 elementor-top-column elementor-element elementor-element-4dd7c750\" data-id=\"4dd7c750\" data-element_type=\"column\" data-e-type=\"column\">\n\t\t\t<div class=\"elementor-widget-wrap elementor-element-populated\">\n\t\t\t\t\t\t<div class=\"elementor-element elementor-element-5eae18d elementor-widget elementor-widget-google_maps\" data-id=\"5eae18d\" data-element_type=\"widget\" data-e-type=\"widget\" data-widget_type=\"google_maps.default\">\n\t\t\t\t<div class=\"elementor-widget-container\">\n\t\t\t\t\t\t\t<div class=\"elementor-custom-embed\">\n\t\t\t<iframe loading=\"lazy\"\n\t\t\t\t\tsrc=\"https:\/\/maps.google.com\/maps?q=LOBE%20Apartment&#038;t=m&#038;z=12&#038;output=embed&#038;iwloc=near\"\n\t\t\t\t\ttitle=\"LOBE Apartment\"\n\t\t\t\t\taria-label=\"LOBE Apartment\"\n\t\t\t><\/iframe>\n\t\t<\/div>\n\t\t\t\t\t\t<\/div>\n\t\t\t\t<\/div>\n\t\t\t\t\t<\/div>\n\t\t<\/div>\n\t\t\t\t\t<\/div>\n\t\t<\/section>\n\t\t\t\t<section class=\"elementor-section elementor-top-section elementor-element elementor-element-79bab42 elementor-section-boxed elementor-section-height-default elementor-section-height-default\" data-id=\"79bab42\" data-element_type=\"section\" data-e-type=\"section\" data-settings=\"{&quot;jet_parallax_layout_list&quot;:[{&quot;_id&quot;:&quot;460daf8&quot;,&quot;jet_parallax_layout_image&quot;:{&quot;url&quot;:&quot;&quot;,&quot;id&quot;:&quot;&quot;,&quot;size&quot;:&quot;&quot;},&quot;jet_parallax_layout_image_tablet&quot;:{&quot;url&quot;:&quot;&quot;,&quot;id&quot;:&quot;&quot;,&quot;size&quot;:&quot;&quot;},&quot;jet_parallax_layout_image_mobile&quot;:{&quot;url&quot;:&quot;&quot;,&quot;id&quot;:&quot;&quot;,&quot;size&quot;:&quot;&quot;},&quot;jet_parallax_layout_speed&quot;:{&quot;unit&quot;:&quot;%&quot;,&quot;size&quot;:50,&quot;sizes&quot;:[]},&quot;jet_parallax_layout_type&quot;:&quot;scroll&quot;,&quot;jet_parallax_layout_direction&quot;:&quot;1&quot;,&quot;jet_parallax_layout_fx_direction&quot;:null,&quot;jet_parallax_layout_z_index&quot;:&quot;&quot;,&quot;jet_parallax_layout_bg_x&quot;:50,&quot;jet_parallax_layout_bg_x_tablet&quot;:&quot;&quot;,&quot;jet_parallax_layout_bg_x_mobile&quot;:&quot;&quot;,&quot;jet_parallax_layout_bg_y&quot;:50,&quot;jet_parallax_layout_bg_y_tablet&quot;:&quot;&quot;,&quot;jet_parallax_layout_bg_y_mobile&quot;:&quot;&quot;,&quot;jet_parallax_layout_bg_size&quot;:&quot;auto&quot;,&quot;jet_parallax_layout_bg_size_tablet&quot;:&quot;&quot;,&quot;jet_parallax_layout_bg_size_mobile&quot;:&quot;&quot;,&quot;jet_parallax_layout_animation_prop&quot;:&quot;transform&quot;,&quot;jet_parallax_layout_on&quot;:[&quot;desktop&quot;,&quot;tablet&quot;]}],&quot;background_background&quot;:&quot;classic&quot;}\">\n\t\t\t\t\t\t<div class=\"elementor-container elementor-column-gap-default\">\n\t\t\t\t\t<div class=\"elementor-column elementor-col-100 elementor-top-column elementor-element elementor-element-453d38ce\" data-id=\"453d38ce\" data-element_type=\"column\" data-e-type=\"column\">\n\t\t\t<div class=\"elementor-widget-wrap elementor-element-populated\">\n\t\t\t\t\t\t<div class=\"elementor-element elementor-element-715dc20a elementor-widget elementor-widget-heading\" data-id=\"715dc20a\" data-element_type=\"widget\" data-e-type=\"widget\" data-widget_type=\"heading.default\">\n\t\t\t\t<div class=\"elementor-widget-container\">\n\t\t\t\t\t<h2 class=\"elementor-heading-title elementor-size-default\">L\u00c9PJ VEL\u00dcNK KAPCSOLATBA!<\/h2>\t\t\t\t<\/div>\n\t\t\t\t<\/div>\n\t\t\t\t<div class=\"elementor-element elementor-element-341b9b25 elementor-widget elementor-widget-text-editor\" data-id=\"341b9b25\" data-element_type=\"widget\" data-e-type=\"widget\" data-widget_type=\"text-editor.default\">\n\t\t\t\t<div class=\"elementor-widget-container\">\n\t\t\t\t\t\t\t\t\t<p>Foglalni szeretn\u00e9l, de van n\u00e9h\u00e1ny k\u00e9rd\u00e9sed? \u00cdrd meg nek\u00fcnk \u00e9s 24 \u00f3r\u00e1n bel\u00fcl v\u00e1laszolunk neked!<\/p>\t\t\t\t\t\t\t\t<\/div>\n\t\t\t\t<\/div>\n\t\t\t\t<div class=\"elementor-element elementor-element-6a0a27fb elementor-widget elementor-widget-contact-form-7\" data-id=\"6a0a27fb\" data-element_type=\"widget\" data-e-type=\"widget\" data-widget_type=\"contact-form-7.default\">\n\t\t\t\t<div class=\"elementor-widget-container\">\n\t\t\t\t\t<div class=\"elementor-contact-form-7 jet-elements\">\n<div class=\"wpcf7 no-js\" id=\"wpcf7-f13-o1\" lang=\"hu-HU\" dir=\"ltr\" data-wpcf7-id=\"13\">\n<div class=\"screen-reader-response\"><p role=\"status\" aria-live=\"polite\" aria-atomic=\"true\"><\/p> <ul><\/ul><\/div>\n<form action=\"\/en\/wp-json\/wp\/v2\/pages\/1370#wpcf7-f13-o1\" method=\"post\" class=\"wpcf7-form init\" aria-label=\"Kapcsolatfelv\u00e9teli \u0171rlap\" novalidate=\"novalidate\" data-status=\"init\">\n<fieldset class=\"hidden-fields-container\"><input type=\"hidden\" name=\"_wpcf7\" value=\"13\" \/><input type=\"hidden\" name=\"_wpcf7_version\" value=\"6.1.5\" \/><input type=\"hidden\" name=\"_wpcf7_locale\" value=\"hu_HU\" \/><input type=\"hidden\" name=\"_wpcf7_unit_tag\" value=\"wpcf7-f13-o1\" \/><input type=\"hidden\" name=\"_wpcf7_container_post\" value=\"0\" \/><input type=\"hidden\" name=\"_wpcf7_posted_data_hash\" value=\"\" \/>\n<\/fieldset>\n<p><label> N\u00e9v<br \/>\n<span class=\"wpcf7-form-control-wrap\" data-name=\"your-name\"><input size=\"40\" maxlength=\"400\" class=\"wpcf7-form-control wpcf7-text wpcf7-validates-as-required\" aria-required=\"true\" aria-invalid=\"false\" value=\"\" type=\"text\" name=\"your-name\" \/><\/span> <\/label>\n<\/p>\n<p><label> E-mail c\u00edm<br \/>\n<span class=\"wpcf7-form-control-wrap\" data-name=\"your-email\"><input size=\"40\" maxlength=\"400\" class=\"wpcf7-form-control wpcf7-email wpcf7-validates-as-required wpcf7-text wpcf7-validates-as-email\" aria-required=\"true\" aria-invalid=\"false\" value=\"\" type=\"email\" name=\"your-email\" \/><\/span> <\/label>\n<\/p>\n<p><label> T\u00e1rgy<br \/>\n<span class=\"wpcf7-form-control-wrap\" data-name=\"your-subject\"><input size=\"40\" maxlength=\"400\" class=\"wpcf7-form-control wpcf7-text wpcf7-validates-as-required\" aria-required=\"true\" aria-invalid=\"false\" value=\"\" type=\"text\" name=\"your-subject\" \/><\/span> <\/label>\n<\/p>\n<p><label> \u00dczenet (nem k\u00f6telez\u0151)<br \/>\n<span class=\"wpcf7-form-control-wrap\" data-name=\"your-message\"><textarea cols=\"40\" rows=\"10\" maxlength=\"2000\" class=\"wpcf7-form-control wpcf7-textarea\" aria-invalid=\"false\" name=\"your-message\"><\/textarea><\/span> <\/label>\n<\/p>\n<p><label> Telefonsz\u00e1m (k\u00f6telez\u0151)<br \/>\n<span class=\"wpcf7-form-control-wrap\" data-name=\"tel-123\"><input size=\"40\" maxlength=\"400\" class=\"wpcf7-form-control wpcf7-tel wpcf7-validates-as-required wpcf7-text wpcf7-validates-as-tel\" aria-required=\"true\" aria-invalid=\"false\" value=\"\" type=\"tel\" name=\"tel-123\" \/><\/span><\/label>\n<\/p>\n<p><input class=\"wpcf7-form-control wpcf7-submit has-spinner\" type=\"submit\" value=\"Bek\u00fcld\u00e9s\" \/>\n<\/p><div class=\"wpcf7-response-output\" aria-hidden=\"true\"><\/div>\n<\/form>\n<\/div>\n<\/div>\t\t\t\t<\/div>\n\t\t\t\t<\/div>\n\t\t\t\t\t<\/div>\n\t\t<\/div>\n\t\t\t\t\t<\/div>\n\t\t<\/section>\n\t\t\t\t<\/div>\n\t\t","protected":false},"excerpt":{"rendered":"<p>KAPCSOLAT AUSZTRIA, BAD MITTERNDORF Th\u00f6rl 48, 8983 Bad Mitterndorf, Ausztria Google Maps-be be\u00edrva LOBE Apartment n\u00e9ven tal\u00e1lsz meg minket. FOGLAL\u00c1S Email: lobeapartment@gmail.com +36 20 20 98 226 NYELVEK AMIKET BESZ\u00c9L\u00dcNK MAGYAR, N\u00c9MET, ANGOL L\u00c9PJ VEL\u00dcNK KAPCSOLATBA! Foglalni szeretn\u00e9l, de van n\u00e9h\u00e1ny k\u00e9rd\u00e9sed? \u00cdrd meg nek\u00fcnk \u00e9s 24 \u00f3r\u00e1n bel\u00fcl v\u00e1laszolunk neked! N\u00e9v E-mail c\u00edm T\u00e1rgy [&hellip;]<\/p>\n","protected":false},"author":1,"featured_media":0,"parent":0,"menu_order":0,"comment_status":"closed","ping_status":"closed","template":"page-templates\/fullwidth-content.php","meta":{"footnotes":""},"class_list":["post-1370","page","type-page","status-publish","hentry"],"yoast_head":"<!-- This site is optimized with the Yoast SEO Premium plugin v27.4 (Yoast SEO v27.4) - https:\/\/yoast.com\/product\/yoast-seo-premium-wordpress\/ -->\n<title>Kapcsolat - LOBE APARTMENT<\/title>\n<meta name=\"description\" content=\"L\u00e9pj kapcsolatba a LOBE Apartman csapat\u00e1val \u00e9s mi 24 \u00f3r\u00e1n bel\u00fcl v\u00e1laszolunk. Azonnali k\u00e9rd\u00e9s eset\u00e9n h\u00edvj benn\u00fcnket!\" \/>\n<meta name=\"robots\" content=\"index, follow, max-snippet:-1, max-image-preview:large, max-video-preview:-1\" \/>\n<link rel=\"canonical\" href=\"https:\/\/lobeapartment.at\/en\/kapcsolat\/\" \/>\n<meta property=\"og:locale\" content=\"en_GB\" \/>\n<meta property=\"og:type\" content=\"article\" \/>\n<meta property=\"og:title\" content=\"Kapcsolat\" \/>\n<meta property=\"og:description\" content=\"L\u00e9pj kapcsolatba a LOBE Apartman csapat\u00e1val \u00e9s mi 24 \u00f3r\u00e1n bel\u00fcl v\u00e1laszolunk. Azonnali k\u00e9rd\u00e9s eset\u00e9n h\u00edvj benn\u00fcnket!\" \/>\n<meta property=\"og:url\" content=\"https:\/\/lobeapartment.at\/en\/kapcsolat\/\" \/>\n<meta property=\"og:site_name\" content=\"LOBE APARTMENT\" \/>\n<meta property=\"article:modified_time\" content=\"2023-11-11T14:26:20+00:00\" \/>\n<meta name=\"twitter:card\" content=\"summary_large_image\" \/>\n<script type=\"application\/ld+json\" class=\"yoast-schema-graph\">{\"@context\":\"https:\\\/\\\/schema.org\",\"@graph\":[{\"@type\":\"WebPage\",\"@id\":\"https:\\\/\\\/lobeapartment.at\\\/kapcsolat\\\/\",\"url\":\"https:\\\/\\\/lobeapartment.at\\\/kapcsolat\\\/\",\"name\":\"Kapcsolat - LOBE APARTMENT\",\"isPartOf\":{\"@id\":\"https:\\\/\\\/lobeapartment.at\\\/en\\\/#website\"},\"datePublished\":\"2020-02-24T13:56:52+00:00\",\"dateModified\":\"2023-11-11T14:26:20+00:00\",\"description\":\"L\u00e9pj kapcsolatba a LOBE Apartman csapat\u00e1val \u00e9s mi 24 \u00f3r\u00e1n bel\u00fcl v\u00e1laszolunk. Azonnali k\u00e9rd\u00e9s eset\u00e9n h\u00edvj benn\u00fcnket!\",\"breadcrumb\":{\"@id\":\"https:\\\/\\\/lobeapartment.at\\\/kapcsolat\\\/#breadcrumb\"},\"inLanguage\":\"en-GB\",\"potentialAction\":[{\"@type\":\"ReadAction\",\"target\":[\"https:\\\/\\\/lobeapartment.at\\\/kapcsolat\\\/\"]}]},{\"@type\":\"BreadcrumbList\",\"@id\":\"https:\\\/\\\/lobeapartment.at\\\/kapcsolat\\\/#breadcrumb\",\"itemListElement\":[{\"@type\":\"ListItem\",\"position\":1,\"name\":\"Kezd\u0151lap\",\"item\":\"https:\\\/\\\/lobeapartment.at\\\/\"},{\"@type\":\"ListItem\",\"position\":2,\"name\":\"Kapcsolat\"}]},{\"@type\":\"WebSite\",\"@id\":\"https:\\\/\\\/lobeapartment.at\\\/en\\\/#website\",\"url\":\"https:\\\/\\\/lobeapartment.at\\\/en\\\/\",\"name\":\"LOBE APARTMENT\",\"description\":\"LOBE Apartman - Ausztria - Bad Mitterndorf\",\"publisher\":{\"@id\":\"https:\\\/\\\/lobeapartment.at\\\/en\\\/#organization\"},\"potentialAction\":[{\"@type\":\"SearchAction\",\"target\":{\"@type\":\"EntryPoint\",\"urlTemplate\":\"https:\\\/\\\/lobeapartment.at\\\/en\\\/?s={search_term_string}\"},\"query-input\":{\"@type\":\"PropertyValueSpecification\",\"valueRequired\":true,\"valueName\":\"search_term_string\"}}],\"inLanguage\":\"en-GB\"},{\"@type\":\"Organization\",\"@id\":\"https:\\\/\\\/lobeapartment.at\\\/en\\\/#organization\",\"name\":\"LOBE APARTMENT\",\"url\":\"https:\\\/\\\/lobeapartment.at\\\/en\\\/\",\"logo\":{\"@type\":\"ImageObject\",\"inLanguage\":\"en-GB\",\"@id\":\"https:\\\/\\\/lobeapartment.at\\\/en\\\/#\\\/schema\\\/logo\\\/image\\\/\",\"url\":\"https:\\\/\\\/lobeapartment.at\\\/wp-content\\\/uploads\\\/2023\\\/01\\\/Oldalra-logo.jpg\",\"contentUrl\":\"https:\\\/\\\/lobeapartment.at\\\/wp-content\\\/uploads\\\/2023\\\/01\\\/Oldalra-logo.jpg\",\"width\":768,\"height\":768,\"caption\":\"LOBE APARTMENT\"},\"image\":{\"@id\":\"https:\\\/\\\/lobeapartment.at\\\/en\\\/#\\\/schema\\\/logo\\\/image\\\/\"}}]}<\/script>\n<!-- \/ Yoast SEO Premium plugin. -->","yoast_head_json":{"title":"Kapcsolat - LOBE APARTMENT","description":"L\u00e9pj kapcsolatba a LOBE Apartman csapat\u00e1val \u00e9s mi 24 \u00f3r\u00e1n bel\u00fcl v\u00e1laszolunk. Azonnali k\u00e9rd\u00e9s eset\u00e9n h\u00edvj benn\u00fcnket!","robots":{"index":"index","follow":"follow","max-snippet":"max-snippet:-1","max-image-preview":"max-image-preview:large","max-video-preview":"max-video-preview:-1"},"canonical":"https:\/\/lobeapartment.at\/en\/kapcsolat\/","og_locale":"en_GB","og_type":"article","og_title":"Kapcsolat","og_description":"L\u00e9pj kapcsolatba a LOBE Apartman csapat\u00e1val \u00e9s mi 24 \u00f3r\u00e1n bel\u00fcl v\u00e1laszolunk. Azonnali k\u00e9rd\u00e9s eset\u00e9n h\u00edvj benn\u00fcnket!","og_url":"https:\/\/lobeapartment.at\/en\/kapcsolat\/","og_site_name":"LOBE APARTMENT","article_modified_time":"2023-11-11T14:26:20+00:00","twitter_card":"summary_large_image","schema":{"@context":"https:\/\/schema.org","@graph":[{"@type":"WebPage","@id":"https:\/\/lobeapartment.at\/kapcsolat\/","url":"https:\/\/lobeapartment.at\/kapcsolat\/","name":"Kapcsolat - LOBE APARTMENT","isPartOf":{"@id":"https:\/\/lobeapartment.at\/en\/#website"},"datePublished":"2020-02-24T13:56:52+00:00","dateModified":"2023-11-11T14:26:20+00:00","description":"L\u00e9pj kapcsolatba a LOBE Apartman csapat\u00e1val \u00e9s mi 24 \u00f3r\u00e1n bel\u00fcl v\u00e1laszolunk. Azonnali k\u00e9rd\u00e9s eset\u00e9n h\u00edvj benn\u00fcnket!","breadcrumb":{"@id":"https:\/\/lobeapartment.at\/kapcsolat\/#breadcrumb"},"inLanguage":"en-GB","potentialAction":[{"@type":"ReadAction","target":["https:\/\/lobeapartment.at\/kapcsolat\/"]}]},{"@type":"BreadcrumbList","@id":"https:\/\/lobeapartment.at\/kapcsolat\/#breadcrumb","itemListElement":[{"@type":"ListItem","position":1,"name":"Kezd\u0151lap","item":"https:\/\/lobeapartment.at\/"},{"@type":"ListItem","position":2,"name":"Kapcsolat"}]},{"@type":"WebSite","@id":"https:\/\/lobeapartment.at\/en\/#website","url":"https:\/\/lobeapartment.at\/en\/","name":"LOBE APARTMENT","description":"LOBE Apartman - Ausztria - Bad Mitterndorf","publisher":{"@id":"https:\/\/lobeapartment.at\/en\/#organization"},"potentialAction":[{"@type":"SearchAction","target":{"@type":"EntryPoint","urlTemplate":"https:\/\/lobeapartment.at\/en\/?s={search_term_string}"},"query-input":{"@type":"PropertyValueSpecification","valueRequired":true,"valueName":"search_term_string"}}],"inLanguage":"en-GB"},{"@type":"Organization","@id":"https:\/\/lobeapartment.at\/en\/#organization","name":"LOBE APARTMENT","url":"https:\/\/lobeapartment.at\/en\/","logo":{"@type":"ImageObject","inLanguage":"en-GB","@id":"https:\/\/lobeapartment.at\/en\/#\/schema\/logo\/image\/","url":"https:\/\/lobeapartment.at\/wp-content\/uploads\/2023\/01\/Oldalra-logo.jpg","contentUrl":"https:\/\/lobeapartment.at\/wp-content\/uploads\/2023\/01\/Oldalra-logo.jpg","width":768,"height":768,"caption":"LOBE APARTMENT"},"image":{"@id":"https:\/\/lobeapartment.at\/en\/#\/schema\/logo\/image\/"}}]}},"_links":{"self":[{"href":"https:\/\/lobeapartment.at\/en\/wp-json\/wp\/v2\/pages\/1370","targetHints":{"allow":["GET"]}}],"collection":[{"href":"https:\/\/lobeapartment.at\/en\/wp-json\/wp\/v2\/pages"}],"about":[{"href":"https:\/\/lobeapartment.at\/en\/wp-json\/wp\/v2\/types\/page"}],"author":[{"embeddable":true,"href":"https:\/\/lobeapartment.at\/en\/wp-json\/wp\/v2\/users\/1"}],"replies":[{"embeddable":true,"href":"https:\/\/lobeapartment.at\/en\/wp-json\/wp\/v2\/comments?post=1370"}],"version-history":[{"count":31,"href":"https:\/\/lobeapartment.at\/en\/wp-json\/wp\/v2\/pages\/1370\/revisions"}],"predecessor-version":[{"id":2537,"href":"https:\/\/lobeapartment.at\/en\/wp-json\/wp\/v2\/pages\/1370\/revisions\/2537"}],"wp:attachment":[{"href":"https:\/\/lobeapartment.at\/en\/wp-json\/wp\/v2\/media?parent=1370"}],"curies":[{"name":"wp","href":"https:\/\/api.w.org\/{rel}","templated":true}]}}